{"id":1074,"date":"2016-10-10T16:07:53","date_gmt":"2016-10-10T16:07:53","guid":{"rendered":"https:\/\/grand-vide.com\/premier-jour\/"},"modified":"2020-06-11T08:49:23","modified_gmt":"2020-06-11T08:49:23","slug":"premier-jour","status":"publish","type":"page","link":"https:\/\/grand-vide.com\/fr\/premier-jour\/","title":{"rendered":"premier jour"},"content":{"rendered":"<section class=\"av_textblock_section \"  itemscope=\"itemscope\" itemtype=\"https:\/\/schema.org\/CreativeWork\" ><div class='avia_textblock  '   itemprop=\"text\" ><p><span class=\"av_dropcap1 \" >L<\/span>a vie dans la grande ville est remplie d&rsquo;insensibilit\u00e9 mouvement\u00e9e. L&rsquo;indiff\u00e9rence de la vie quotidienne \u00e0 Trouville a \u00e9t\u00e9 un choc pour sa conscience. D\u00e9chir\u00e9 et se rendant compte de soi, il a surv\u00e9cu ce premier temps dans ce petit h\u00f4tel pr\u00e8s du Casino. Il lui \u00e9tait tr\u00e8s difficile de s&rsquo;habituer \u00e0 la nouvelle lenteur, qui n&rsquo;\u00e9tait interrompue que par les mar\u00e9es et les cris des mouettes. De nombreuses heures \u00e0 l&rsquo;ext\u00e9rieur au bord de la mer, rendez-vous avec soi. Le ciel est large et pourtant proche, souvent en plusieurs couleurs.<span class=\"Apple-converted-space\">\u00a0 <\/span>Il y a encore cette inqui\u00e9tude qui se dissipe progressivement.<span class=\"Apple-converted-space\">\u00a0 <\/span>Les pens\u00e9es de ce qu&rsquo;il avait laiss\u00e9 derri\u00e8re lui s&rsquo;amenuis\u00e8rent.<span class=\"Apple-converted-space\">\u00a0 <\/span>S&rsquo;il n&rsquo;y avait pas eu cette rencontre un de ces jours qui n&rsquo;\u00e9taient remplie de rien.<span class=\"Apple-converted-space\">\u00a0 <\/span>Il la vit entrer dans l&rsquo;h\u00f4tel et remarqua une \u00e9motion involontairement excit\u00e9e.<span class=\"Apple-converted-space\">\u00a0 <\/span>Il s&rsquo;est presque rendu \u00e0 la douceur de cet endroit.<span class=\"Apple-converted-space\">\u00a0 <\/span>Qui \u00e9tait-elle.<span class=\"Apple-converted-space\">\u00a0 <\/span>Est-ce une co\u00efncidence qu&rsquo;il l&rsquo;ait rencontr\u00e9e \u00e0 nouveau?<span class=\"Apple-converted-space\">\u00a0 <\/span>Sur la plage et plus tard dans ce petit restaurant.<span class=\"Apple-converted-space\">\u00a0 <\/span>Rien ne se passe simplement comme cela.<\/p>\n<\/div><\/section>\n<div class=\"flex_column av_one_full  flex_column_div av-zero-column-padding first  avia-builder-el-1  el_after_av_textblock  el_before_av_hr  column-top-margin\" style='border-radius:0px; '><div id='av-masonry-1' class='av-masonry  noHover av-flex-size av-large-gap av-hover-overlay-active av-masonry-animation-active av-masonry-col-5 av-caption-on-hover av-caption-style- av-masonry-gallery     ' style='background-color:#ffffff; ' ><div class='av-masonry-container isotope av-js-disabled ' ><div class='av-masonry-entry isotope-item av-masonry-item-no-image '><\/div><a href=\"https:\/\/grand-vide.com\/wp-content\/uploads\/2018\/06\/dogma95_normandie_trouville_deauville_GrandVide_Mode_LaPlage_Andreas_Gerhardt_Photographer_Tatjana_Patitz_Lindbergh__34D1746-1030x687.jpg\" id='av-masonry-1-item-1075' data-av-masonry-item='1075' class='av-masonry-entry isotope-item post-1075 attachment type-attachment status-inherit hentry  av-masonry-item-with-image' title=\"Trouville\"  itemprop=\"thumbnailUrl\" ><div class='av-inner-masonry-sizer'><\/div><figure class='av-inner-masonry main_color'><div class=\"av-masonry-outerimage-container\"><div class=\"av-masonry-image-container\" ><img decoding=\"async\" src=\"https:\/\/grand-vide.com\/wp-content\/uploads\/2018\/06\/dogma95_normandie_trouville_deauville_GrandVide_Mode_LaPlage_Andreas_Gerhardt_Photographer_Tatjana_Patitz_Lindbergh__34D1746-705x470.jpg\" title=\"Trouville\" alt=\"\" \/><\/div><\/div><\/figure><\/a><!--end av-masonry entry--><a href=\"https:\/\/grand-vide.com\/wp-content\/uploads\/2018\/06\/dogma95_normandie_trouville_deauville_GrandVide_Mode_LaPlage_Andreas_Gerhardt_Photographer_Tatjana_Patitz_Lindbergh__MGL8507-1030x687.jpg\" id='av-masonry-1-item-1077' data-av-masonry-item='1077' class='av-masonry-entry isotope-item post-1077 attachment type-attachment status-inherit hentry  av-masonry-item-with-image' title=\"Am Strand\"  itemprop=\"thumbnailUrl\" ><div class='av-inner-masonry-sizer'><\/div><figure class='av-inner-masonry main_color'><div class=\"av-masonry-outerimage-container\"><div class=\"av-masonry-image-container\" ><img decoding=\"async\" src=\"https:\/\/grand-vide.com\/wp-content\/uploads\/2018\/06\/dogma95_normandie_trouville_deauville_GrandVide_Mode_LaPlage_Andreas_Gerhardt_Photographer_Tatjana_Patitz_Lindbergh__MGL8507-705x470.jpg\" title=\"Am Strand\" alt=\"\" \/><\/div><\/div><\/figure><\/a><!--end av-masonry entry--><a href=\"https:\/\/grand-vide.com\/wp-content\/uploads\/2019\/12\/dogma95_normandie_trouville_deauville_GrandVide_Mode_LaPlage_Andreas_Gerhardt_Photographer_Tatjana_Patitz_Lindbergh_SchwarzWeiss_Analog2_R003-14dup-1030x687.jpg\" id='av-masonry-1-item-1080' data-av-masonry-item='1080' class='av-masonry-entry isotope-item post-1080 attachment type-attachment status-inherit hentry  av-masonry-item-with-image' title=\"Anblick\"  itemprop=\"thumbnailUrl\" ><div class='av-inner-masonry-sizer'><\/div><figure class='av-inner-masonry main_color'><div class=\"av-masonry-outerimage-container\"><div class=\"av-masonry-image-container\" ><img decoding=\"async\" src=\"https:\/\/grand-vide.com\/wp-content\/uploads\/2019\/12\/dogma95_normandie_trouville_deauville_GrandVide_Mode_LaPlage_Andreas_Gerhardt_Photographer_Tatjana_Patitz_Lindbergh_SchwarzWeiss_Analog2_R003-14dup-705x470.jpg\" title=\"Anblick\" alt=\"\" \/><\/div><\/div><\/figure><\/a><!--end av-masonry entry--><a href=\"https:\/\/grand-vide.com\/wp-content\/uploads\/2019\/08\/dup_strand_tg1_od_tg3-1030x682.jpg\" id='av-masonry-1-item-1157' data-av-masonry-item='1157' class='av-masonry-entry isotope-item post-1157 attachment type-attachment status-inherit hentry  av-masonry-item-with-image' title=\"aus der Zeit\"  itemprop=\"thumbnailUrl\" ><div class='av-inner-masonry-sizer'><\/div><figure class='av-inner-masonry main_color'><div class=\"av-masonry-outerimage-container\"><div class=\"av-masonry-image-container\" ><img decoding=\"async\" src=\"https:\/\/grand-vide.com\/wp-content\/uploads\/2019\/08\/dup_strand_tg1_od_tg3-705x467.jpg\" title=\"aus der Zeit\" alt=\"\" \/><\/div><\/div><\/figure><\/a><!--end av-masonry entry--><a href=\"https:\/\/grand-vide.com\/wp-content\/uploads\/2018\/06\/dogma95_normandie_trouville_deauville_GrandVide_Mode_LaPlage_Andreas_Gerhardt_Photographer_Tatjana_Patitz_Lindbergh__MGL8517var-1030x687.jpg\" id='av-masonry-1-item-1079' data-av-masonry-item='1079' class='av-masonry-entry isotope-item post-1079 attachment type-attachment status-inherit hentry  av-masonry-item-with-image' title=\"Gezeiten\"  itemprop=\"thumbnailUrl\" ><div class='av-inner-masonry-sizer'><\/div><figure class='av-inner-masonry main_color'><div class=\"av-masonry-outerimage-container\"><div class=\"av-masonry-image-container\" ><img decoding=\"async\" src=\"https:\/\/grand-vide.com\/wp-content\/uploads\/2018\/06\/dogma95_normandie_trouville_deauville_GrandVide_Mode_LaPlage_Andreas_Gerhardt_Photographer_Tatjana_Patitz_Lindbergh__MGL8517var-705x470.jpg\" title=\"Gezeiten\" alt=\"\" \/><\/div><\/div><\/figure><\/a><!--end av-masonry entry--><a href=\"https:\/\/grand-vide.com\/wp-content\/uploads\/2018\/06\/dogma95_normandie_trouville_deauville_GrandVide_Mode_LaPlage_Andreas_Gerhardt_Photographer_Tatjana_Patitz_Lindbergh__MGL8510-1030x687.jpg\" id='av-masonry-1-item-1078' data-av-masonry-item='1078' class='av-masonry-entry isotope-item post-1078 attachment type-attachment status-inherit hentry  av-masonry-item-with-image' title=\"a la plage\"  itemprop=\"thumbnailUrl\" ><div class='av-inner-masonry-sizer'><\/div><figure class='av-inner-masonry main_color'><div class=\"av-masonry-outerimage-container\"><div class=\"av-masonry-image-container\" ><img decoding=\"async\" src=\"https:\/\/grand-vide.com\/wp-content\/uploads\/2018\/06\/dogma95_normandie_trouville_deauville_GrandVide_Mode_LaPlage_Andreas_Gerhardt_Photographer_Tatjana_Patitz_Lindbergh__MGL8510-705x470.jpg\" title=\"a la plage\" alt=\"\" \/><\/div><\/div><\/figure><\/a><!--end av-masonry entry--><\/div><\/div><\/div>\n<div   class='hr hr-default   avia-builder-el-3  el_after_av_one_full  el_before_av_one_third '><span class='hr-inner ' ><span class='hr-inner-style'><\/span><\/span><\/div>\n<div class=\"flex_column av_one_third  flex_column_div av-zero-column-padding first  avia-builder-el-4  el_after_av_hr  el_before_av_one_third  \" style='border-radius:0px; '><\/div>\n<div class=\"flex_column av_one_third  flex_column_div av-zero-column-padding   avia-builder-el-6  el_after_av_one_third  el_before_av_one_third  \" style='border-radius:0px; '><div  class='avia-image-container avia_animated_image avia_animate_when_almost_visible fade-in av-styling-no-styling av-hover-grow noHover  av-overlay-hover-deactivate   avia-builder-el-7  avia-builder-el-no-sibling  avia-align-center '  itemprop=\"image\" itemscope=\"itemscope\" itemtype=\"https:\/\/schema.org\/ImageObject\"  ><div class='avia-image-container-inner'><div class='avia-image-overlay-wrap'><a href='https:\/\/grand-vide.com\/deuxieme-jour\/' class='avia_image'  ><div class='av-image-caption-overlay'><div class='av-caption-image-overlay-bg' style='opacity:0.8; background-color:#ffffff; '><\/div><div class='av-image-caption-overlay-position'><div class='av-image-caption-overlay-center' style='color:#707070; '><p>deuxi\u00e8me jour<\/p>\n<\/div><\/div><\/div><img class='avia_image ' src='https:\/\/grand-vide.com\/wp-content\/uploads\/2018\/05\/dogma95_normandie_trouville_deauville_GrandVide_Mode_LaPlage_Andreas_Gerhardt_Photographer_Tatjana_Patitz_Lindbergh_SchwarzWeiss_Analog_001-017dup-200x300.jpg' alt='' title='Danach ...'  itemprop=\"thumbnailUrl\"  \/><\/a><\/div><\/div><\/div><\/div>\n<div class=\"flex_column av_one_third  flex_column_div av-zero-column-padding   avia-builder-el-8  el_after_av_one_third  el_before_av_hr  \" style='border-radius:0px; '><div  class='avia-image-container avia_animated_image avia_animate_when_almost_visible fade-in av-styling-no-styling av-hover-grow noHover  av-overlay-hover-deactivate   avia-builder-el-9  avia-builder-el-no-sibling  avia-align-center '  itemprop=\"image\" itemscope=\"itemscope\" itemtype=\"https:\/\/schema.org\/ImageObject\"  ><div class='avia-image-container-inner'><div class='avia-image-overlay-wrap'><a href='https:\/\/grand-vide.com\/troisieme-jour\/' class='avia_image'  ><div class='av-image-caption-overlay'><div class='av-caption-image-overlay-bg' style='opacity:0.8; background-color:#ffffff; '><\/div><div class='av-image-caption-overlay-position'><div class='av-image-caption-overlay-center' style='color:#707070; '><p>troisi\u00e8me jour<\/p>\n<\/div><\/div><\/div><img class='avia_image ' src='https:\/\/grand-vide.com\/wp-content\/uploads\/2018\/06\/dogma95_normandie_trouville_deauville_GrandVide_Mode_LaPlage_Andreas_Gerhardt_Photographer_Tatjana_Patitz_Lindbergh_Shooting005-026dup-200x300.jpg' alt='' title='Warten am Zug'  itemprop=\"thumbnailUrl\"  \/><\/a><\/div><\/div><\/div><\/div>\n<div   class='hr hr-default   avia-builder-el-10  el_after_av_one_third  el_before_av_social_share '><span class='hr-inner ' ><span class='hr-inner-style'><\/span><\/span><\/div>\n<div  class='av-social-sharing-box  avia-builder-el-11  el_after_av_hr  avia-builder-el-last  av-social-sharing-box-minimal '><div class='av-share-box'><h5 class='av-share-link-description av-no-toc '>share grand vide<\/h5><ul class='av-share-box-list noLightbox'><li class='av-share-link av-social-link-facebook' ><a target=\"_blank\" aria-label=\"Partager sur Facebook\" href='https:\/\/www.facebook.com\/sharer.php?u=https:\/\/grand-vide.com\/fr\/premier-jour\/&#038;t=premier%20jour' aria-hidden='true' data-av_icon='\ue8f3' data-av_iconfont='entypo-fontello' title='' data-avia-related-tooltip='Partager sur Facebook'><span class='avia_hidden_link_text'>Partager sur Facebook<\/span><\/a><\/li><li class='av-share-link av-social-link-twitter' ><a target=\"_blank\" aria-label=\"Partager sur Twitter\" href='https:\/\/twitter.com\/share?text=premier%20jour&#038;url=https:\/\/grand-vide.com\/fr\/?p=1074' aria-hidden='true' data-av_icon='\ue8f1' data-av_iconfont='entypo-fontello' title='' data-avia-related-tooltip='Partager sur Twitter'><span class='avia_hidden_link_text'>Partager sur Twitter<\/span><\/a><\/li><li class='av-share-link av-social-link-whatsapp' ><a target=\"_blank\" aria-label=\"Share on WhatsApp\" href='https:\/\/api.whatsapp.com\/send?text=https:\/\/grand-vide.com\/fr\/premier-jour\/' aria-hidden='true' data-av_icon='\uf232' data-av_iconfont='entypo-fontello' title='' data-avia-related-tooltip='Share on WhatsApp'><span class='avia_hidden_link_text'>Share on WhatsApp<\/span><\/a><\/li><li class='av-share-link av-social-link-pinterest' ><a target=\"_blank\" aria-label=\"Partager sur Pinterest\" href='https:\/\/pinterest.com\/pin\/create\/button\/?url=https%3A%2F%2Fgrand-vide.com%2Ffr%2Fpremier-jour%2F&#038;description=premier%20jour&#038;media=' aria-hidden='true' data-av_icon='\ue8f8' data-av_iconfont='entypo-fontello' title='' data-avia-related-tooltip='Partager sur Pinterest'><span class='avia_hidden_link_text'>Partager sur Pinterest<\/span><\/a><\/li><li class='av-share-link av-social-link-linkedin' ><a target=\"_blank\" aria-label=\"Partager sur LinkedIn\" href='https:\/\/linkedin.com\/shareArticle?mini=true&#038;title=premier%20jour&#038;url=https:\/\/grand-vide.com\/fr\/premier-jour\/' aria-hidden='true' data-av_icon='\ue8fc' data-av_iconfont='entypo-fontello' title='' data-avia-related-tooltip='Partager sur LinkedIn'><span class='avia_hidden_link_text'>Partager sur LinkedIn<\/span><\/a><\/li><li class='av-share-link av-social-link-reddit' ><a target=\"_blank\" aria-label=\"Partager sur Reddit\" href='https:\/\/reddit.com\/submit?url=https:\/\/grand-vide.com\/fr\/premier-jour\/&#038;title=premier%20jour' aria-hidden='true' data-av_icon='\ue927' data-av_iconfont='entypo-fontello' title='' data-avia-related-tooltip='Partager sur Reddit'><span class='avia_hidden_link_text'>Partager sur Reddit<\/span><\/a><\/li><li class='av-share-link av-social-link-mail' ><a  aria-label=\"Partager par Mail\" href='mailto:?subject=premier%20jour&#038;body=https:\/\/grand-vide.com\/fr\/premier-jour\/' aria-hidden='true' data-av_icon='\ue805' data-av_iconfont='entypo-fontello' title='' data-avia-related-tooltip='Partager par Mail'><span class='avia_hidden_link_text'>Partager par Mail<\/span><\/a><\/li><\/ul><\/div><\/div>\n","protected":false},"excerpt":{"rendered":"","protected":false},"author":1,"featured_media":0,"parent":0,"menu_order":3,"comment_status":"closed","ping_status":"closed","template":"","meta":{"footnotes":""},"class_list":["post-1074","page","type-page","status-publish","hentry"],"yoast_head":"<!-- This site is optimized with the Yoast SEO plugin v26.9 - https:\/\/yoast.com\/product\/yoast-seo-wordpress\/ -->\n<title>premier jour | Grand Vide<\/title>\n<meta name=\"robots\" content=\"index, follow, max-snippet:-1, max-image-preview:large, max-video-preview:-1\" \/>\n<link rel=\"canonical\" href=\"https:\/\/grand-vide.com\/fr\/premier-jour\/\" \/>\n<meta property=\"og:locale\" content=\"fr_FR\" \/>\n<meta property=\"og:type\" content=\"article\" \/>\n<meta property=\"og:title\" content=\"premier jour | Grand Vide\" \/>\n<meta property=\"og:url\" content=\"https:\/\/grand-vide.com\/fr\/premier-jour\/\" \/>\n<meta property=\"og:site_name\" content=\"Grand Vide\" \/>\n<meta property=\"article:publisher\" content=\"https:\/\/de-de.facebook.com\/andreas.gerhardt.photographer\" \/>\n<meta property=\"article:modified_time\" content=\"2020-06-11T08:49:23+00:00\" \/>\n<meta name=\"twitter:card\" content=\"summary_large_image\" \/>\n<meta name=\"twitter:label1\" content=\"Dur\u00e9e de lecture estim\u00e9e\" \/>\n\t<meta name=\"twitter:data1\" content=\"4 minutes\" \/>\n<script type=\"application\/ld+json\" class=\"yoast-schema-graph\">{\"@context\":\"https:\/\/schema.org\",\"@graph\":[{\"@type\":\"WebPage\",\"@id\":\"https:\/\/grand-vide.com\/fr\/premier-jour\/\",\"url\":\"https:\/\/grand-vide.com\/fr\/premier-jour\/\",\"name\":\"premier jour | Grand Vide\",\"isPartOf\":{\"@id\":\"https:\/\/grand-vide.com\/fr\/#website\"},\"datePublished\":\"2016-10-10T16:07:53+00:00\",\"dateModified\":\"2020-06-11T08:49:23+00:00\",\"breadcrumb\":{\"@id\":\"https:\/\/grand-vide.com\/fr\/premier-jour\/#breadcrumb\"},\"inLanguage\":\"fr-FR\",\"potentialAction\":[{\"@type\":\"ReadAction\",\"target\":[\"https:\/\/grand-vide.com\/fr\/premier-jour\/\"]}]},{\"@type\":\"BreadcrumbList\",\"@id\":\"https:\/\/grand-vide.com\/fr\/premier-jour\/#breadcrumb\",\"itemListElement\":[{\"@type\":\"ListItem\",\"position\":1,\"name\":\"Startseite\",\"item\":\"https:\/\/grand-vide.com\/fr\/\"},{\"@type\":\"ListItem\",\"position\":2,\"name\":\"premier jour\"}]},{\"@type\":\"WebSite\",\"@id\":\"https:\/\/grand-vide.com\/fr\/#website\",\"url\":\"https:\/\/grand-vide.com\/fr\/\",\"name\":\"Grand Vide\",\"description\":\"Photograph Dogma95\",\"publisher\":{\"@id\":\"https:\/\/grand-vide.com\/fr\/#organization\"},\"potentialAction\":[{\"@type\":\"SearchAction\",\"target\":{\"@type\":\"EntryPoint\",\"urlTemplate\":\"https:\/\/grand-vide.com\/fr\/?s={search_term_string}\"},\"query-input\":{\"@type\":\"PropertyValueSpecification\",\"valueRequired\":true,\"valueName\":\"search_term_string\"}}],\"inLanguage\":\"fr-FR\"},{\"@type\":\"Organization\",\"@id\":\"https:\/\/grand-vide.com\/fr\/#organization\",\"name\":\"grand-vide Andreas Gerhardt\",\"url\":\"https:\/\/grand-vide.com\/fr\/\",\"logo\":{\"@type\":\"ImageObject\",\"inLanguage\":\"fr-FR\",\"@id\":\"https:\/\/grand-vide.com\/fr\/#\/schema\/logo\/image\/\",\"url\":\"https:\/\/grand-vide.com\/wp-content\/uploads\/2019\/01\/Logo2.png\",\"contentUrl\":\"https:\/\/grand-vide.com\/wp-content\/uploads\/2019\/01\/Logo2.png\",\"width\":340,\"height\":156,\"caption\":\"grand-vide Andreas Gerhardt\"},\"image\":{\"@id\":\"https:\/\/grand-vide.com\/fr\/#\/schema\/logo\/image\/\"},\"sameAs\":[\"https:\/\/de-de.facebook.com\/andreas.gerhardt.photographer\",\"https:\/\/www.instagram.com\/photographer_andreas\/\",\"https:\/\/www.linkedin.com\/in\/andreas-gerhardt-8622ab\/\",\"https:\/\/www.pinterest.de\/andreas_g_fotograf\/\",\"https:\/\/www.youtube.com\/channel\/UCIZAUAb16DOthxXzKzDq0DA\"]}]}<\/script>\n<!-- \/ Yoast SEO plugin. -->","yoast_head_json":{"title":"premier jour | Grand Vide","robots":{"index":"index","follow":"follow","max-snippet":"max-snippet:-1","max-image-preview":"max-image-preview:large","max-video-preview":"max-video-preview:-1"},"canonical":"https:\/\/grand-vide.com\/fr\/premier-jour\/","og_locale":"fr_FR","og_type":"article","og_title":"premier jour | Grand Vide","og_url":"https:\/\/grand-vide.com\/fr\/premier-jour\/","og_site_name":"Grand Vide","article_publisher":"https:\/\/de-de.facebook.com\/andreas.gerhardt.photographer","article_modified_time":"2020-06-11T08:49:23+00:00","twitter_card":"summary_large_image","twitter_misc":{"Dur\u00e9e de lecture estim\u00e9e":"4 minutes"},"schema":{"@context":"https:\/\/schema.org","@graph":[{"@type":"WebPage","@id":"https:\/\/grand-vide.com\/fr\/premier-jour\/","url":"https:\/\/grand-vide.com\/fr\/premier-jour\/","name":"premier jour | Grand Vide","isPartOf":{"@id":"https:\/\/grand-vide.com\/fr\/#website"},"datePublished":"2016-10-10T16:07:53+00:00","dateModified":"2020-06-11T08:49:23+00:00","breadcrumb":{"@id":"https:\/\/grand-vide.com\/fr\/premier-jour\/#breadcrumb"},"inLanguage":"fr-FR","potentialAction":[{"@type":"ReadAction","target":["https:\/\/grand-vide.com\/fr\/premier-jour\/"]}]},{"@type":"BreadcrumbList","@id":"https:\/\/grand-vide.com\/fr\/premier-jour\/#breadcrumb","itemListElement":[{"@type":"ListItem","position":1,"name":"Startseite","item":"https:\/\/grand-vide.com\/fr\/"},{"@type":"ListItem","position":2,"name":"premier jour"}]},{"@type":"WebSite","@id":"https:\/\/grand-vide.com\/fr\/#website","url":"https:\/\/grand-vide.com\/fr\/","name":"Grand Vide","description":"Photograph Dogma95","publisher":{"@id":"https:\/\/grand-vide.com\/fr\/#organization"},"potentialAction":[{"@type":"SearchAction","target":{"@type":"EntryPoint","urlTemplate":"https:\/\/grand-vide.com\/fr\/?s={search_term_string}"},"query-input":{"@type":"PropertyValueSpecification","valueRequired":true,"valueName":"search_term_string"}}],"inLanguage":"fr-FR"},{"@type":"Organization","@id":"https:\/\/grand-vide.com\/fr\/#organization","name":"grand-vide Andreas Gerhardt","url":"https:\/\/grand-vide.com\/fr\/","logo":{"@type":"ImageObject","inLanguage":"fr-FR","@id":"https:\/\/grand-vide.com\/fr\/#\/schema\/logo\/image\/","url":"https:\/\/grand-vide.com\/wp-content\/uploads\/2019\/01\/Logo2.png","contentUrl":"https:\/\/grand-vide.com\/wp-content\/uploads\/2019\/01\/Logo2.png","width":340,"height":156,"caption":"grand-vide Andreas Gerhardt"},"image":{"@id":"https:\/\/grand-vide.com\/fr\/#\/schema\/logo\/image\/"},"sameAs":["https:\/\/de-de.facebook.com\/andreas.gerhardt.photographer","https:\/\/www.instagram.com\/photographer_andreas\/","https:\/\/www.linkedin.com\/in\/andreas-gerhardt-8622ab\/","https:\/\/www.pinterest.de\/andreas_g_fotograf\/","https:\/\/www.youtube.com\/channel\/UCIZAUAb16DOthxXzKzDq0DA"]}]}},"_links":{"self":[{"href":"https:\/\/grand-vide.com\/fr\/wp-json\/wp\/v2\/pages\/1074","targetHints":{"allow":["GET"]}}],"collection":[{"href":"https:\/\/grand-vide.com\/fr\/wp-json\/wp\/v2\/pages"}],"about":[{"href":"https:\/\/grand-vide.com\/fr\/wp-json\/wp\/v2\/types\/page"}],"author":[{"embeddable":true,"href":"https:\/\/grand-vide.com\/fr\/wp-json\/wp\/v2\/users\/1"}],"replies":[{"embeddable":true,"href":"https:\/\/grand-vide.com\/fr\/wp-json\/wp\/v2\/comments?post=1074"}],"version-history":[{"count":2,"href":"https:\/\/grand-vide.com\/fr\/wp-json\/wp\/v2\/pages\/1074\/revisions"}],"predecessor-version":[{"id":1081,"href":"https:\/\/grand-vide.com\/fr\/wp-json\/wp\/v2\/pages\/1074\/revisions\/1081"}],"wp:attachment":[{"href":"https:\/\/grand-vide.com\/fr\/wp-json\/wp\/v2\/media?parent=1074"}],"curies":[{"name":"wp","href":"https:\/\/api.w.org\/{rel}","templated":true}]}}