{"id":1172,"date":"2018-07-15T07:19:29","date_gmt":"2018-07-15T07:19:29","guid":{"rendered":"https:\/\/grand-vide.com\/collaboration\/"},"modified":"2020-06-11T09:13:21","modified_gmt":"2020-06-11T09:13:21","slug":"collaboration","status":"publish","type":"page","link":"https:\/\/grand-vide.com\/fr\/collaboration\/","title":{"rendered":"collaboration"},"content":{"rendered":"<div class=\"flex_column av_one_full  flex_column_div av-zero-column-padding first  avia-builder-el-0  el_before_av_hr  avia-builder-el-first  \" style='border-radius:0px; '><p><section  class='avia-team-member   avia-builder-el-1  el_before_av_textblock  avia-builder-el-first '  itemscope=\"itemscope\" itemtype=\"https:\/\/schema.org\/Person\" ><div class='team-img-container'><img class='avia_image avia_image_team' src='https:\/\/grand-vide.com\/wp-content\/uploads\/2019\/12\/Linda-T-Model-Grand-Vide-Dogma95-Analog_34D1491.jpg' alt='Linda'  itemprop=\"image\"  \/><\/div><h3 class='team-member-name'    itemprop=\"name\" >Linda<\/h3><div class='team-member-job-title '   itemprop=\"jobTitle\" >Model<\/div><span class='hidden team-member-affiliation'  itemprop=\"affiliation\" >Grand Vide<\/span><\/section><br \/>\n<section class=\"av_textblock_section \"  itemscope=\"itemscope\" itemtype=\"https:\/\/schema.org\/CreativeWork\" ><div class='avia_textblock  '   itemprop=\"text\" ><p>Une fois, Linda et moi mangions ensemble.<span class=\"Apple-converted-space\">\u00a0 <\/span>Nous avons pass\u00e9 un bon moment \u00e0 nous amuser de cette sitcom, qui ressemblait un peu \u00e0 ce qui restait des ann\u00e9es 90 &#8211; Appartement 23. Linda comme alter \u00e9go de Chlo\u00e9, jou\u00e9e par Krysten Ritter, d\u00e9crit son caract\u00e8re parfaitement. Trop bizarre pour que quelqu\u2019un la comprenne, je veux dire Chlo\u00e9.<\/p>\n<p>Une conversation avec Linda alterne entre le descriptif et le m\u00e9ta-niveau.<span class=\"Apple-converted-space\">\u00a0 <\/span>Seule la capacit\u00e9 de sortir des chemins b\u00e2ttus ne laisse aucun doute sur le fait que \u00ababsurde\u00bb n&rsquo;existe pas.<span class=\"Apple-converted-space\">\u00a0 <\/span>En fin de compte, nous sommes sur la m\u00eame longueur d&rsquo;onde en ce qui concerne les opinions et les id\u00e9es.<\/p>\n<p>Quand j&rsquo;ai parl\u00e9 pour la premi\u00e8re fois \u00e0 Linda de l&rsquo;id\u00e9e de Grand-Vide, elle \u00e9tait imm\u00e9diatement partante.<span class=\"Apple-converted-space\">\u00a0 <\/span>Il y a eu 30 jours entre cette conversation et la mise en \u0153uvre.<span class=\"Apple-converted-space\">\u00a0 <\/span>Nous nous connaissions depuis des ann\u00e9es.<span class=\"Apple-converted-space\">\u00a0 <\/span>Elle a toujours travaill\u00e9 comme mod\u00e8le pour moi dans divers emplois et est toujours active au niveau l&rsquo;international.<\/p>\n<\/div><\/section><\/p><\/div><div   class='hr hr-default   avia-builder-el-3  el_after_av_one_full  el_before_av_one_full '><span class='hr-inner ' ><span class='hr-inner-style'><\/span><\/span><\/div><\/p>\n<div class=\"flex_column av_one_full  flex_column_div av-zero-column-padding first  avia-builder-el-4  el_after_av_hr  avia-builder-el-last  \" style='margin-top:50px; margin-bottom:50px; border-radius:0px; '><p><section  class='avia-team-member   avia-builder-el-5  el_before_av_textblock  avia-builder-el-first '  itemscope=\"itemscope\" itemtype=\"https:\/\/schema.org\/Person\" ><div class='team-img-container'><img class='avia_image avia_image_team' src='https:\/\/grand-vide.com\/wp-content\/uploads\/2019\/11\/Katharina-Kulm-sw.jpg' alt='Katharina Kulm'  itemprop=\"image\"  \/><div class='team-social'><div class='team-social-inner'><span class='hidden av_member_url_markup  facebook'  itemprop=\"url\" >https:\/\/www.facebook.com\/KAT-MAKE-UP-169118673146948\/<\/span><a rel='v:url' data-avia-tooltip=\"Katharina Kulm Facebook\" target='_blank' class=' facebook avia-team-icon ' href='https:\/\/www.facebook.com\/KAT-MAKE-UP-169118673146948\/' aria-hidden='true' data-av_icon='\ue8f4' data-av_iconfont='entypo-fontello'><\/a><span class='hidden av_member_url_markup '  itemprop=\"url\" >http:\/\/www.katmakeup.de<\/span><a rel='v:url' data-avia-tooltip=\"Katharina Kulm Website\" target='_blank' class=' avia-team-icon ' href='http:\/\/www.katmakeup.de' aria-hidden='true' data-av_icon='\ue818' data-av_iconfont='entypo-fontello'><\/a><\/div><\/div><\/div><h3 class='team-member-name'    itemprop=\"name\" >Katharina Kulm<\/h3><div class='team-member-job-title '   itemprop=\"jobTitle\" >Maquilleuse<\/div><span class='hidden team-member-affiliation'  itemprop=\"affiliation\" >Grand Vide<\/span><\/section><br \/>\n<section class=\"av_textblock_section \"  itemscope=\"itemscope\" itemtype=\"https:\/\/schema.org\/CreativeWork\" ><div class='avia_textblock  '   itemprop=\"text\" ><p>&lsquo;\u00e9tais tr\u00e8s heureux d&rsquo;avoir pu gagner Katharina Kulm en tant que maquilleuse.<span class=\"Apple-converted-space\">\u00a0 <\/span>Un de mes assistants avait attir\u00e9 mon attention sur elle.<span class=\"Apple-converted-space\">\u00a0 <\/span>Lors de notre premi\u00e8re rencontre, nous nous sommes entendus rapidement.<span class=\"Apple-converted-space\">\u00a0 <\/span>Katharina a imm\u00e9diatement \u00e9t\u00e9 enthousiasm\u00e9e par ce projet et a pu s&rsquo;y mettre directement.<span class=\"Apple-converted-space\">\u00a0 <\/span>Il convient de mentionner qu&rsquo;il n&rsquo;y a eu que 10 jours entre notre conversation \u00e0 Baden-Baden et la mise en \u0153uvre.<span class=\"Apple-converted-space\">\u00a0 <\/span>Katharina travaille depuis des ann\u00e9es pour des marques de mode, photographes et agences de renom\u00e9.<span class=\"Apple-converted-space\">\u00a0 <\/span>Vous pouvez en voir plus sur son site Web <a href=\"http:\/\/www.katmakeup.de\">http:\/\/www.katmakeup.de<\/a><\/p>\n<\/div><\/section><\/p><\/div>\n","protected":false},"excerpt":{"rendered":"","protected":false},"author":2,"featured_media":0,"parent":0,"menu_order":12,"comment_status":"closed","ping_status":"closed","template":"","meta":{"footnotes":""},"class_list":["post-1172","page","type-page","status-publish","hentry"],"yoast_head":"<!-- This site is optimized with the Yoast SEO plugin v26.9 - https:\/\/yoast.com\/product\/yoast-seo-wordpress\/ -->\n<title>collaboration | Grand Vide<\/title>\n<meta name=\"robots\" content=\"index, follow, max-snippet:-1, max-image-preview:large, max-video-preview:-1\" \/>\n<link rel=\"canonical\" href=\"https:\/\/grand-vide.com\/fr\/collaboration\/\" \/>\n<meta property=\"og:locale\" content=\"fr_FR\" \/>\n<meta property=\"og:type\" content=\"article\" \/>\n<meta property=\"og:title\" content=\"collaboration | Grand Vide\" \/>\n<meta property=\"og:url\" content=\"https:\/\/grand-vide.com\/fr\/collaboration\/\" \/>\n<meta property=\"og:site_name\" content=\"Grand Vide\" \/>\n<meta property=\"article:publisher\" content=\"https:\/\/de-de.facebook.com\/andreas.gerhardt.photographer\" \/>\n<meta property=\"article:modified_time\" content=\"2020-06-11T09:13:21+00:00\" \/>\n<meta name=\"twitter:card\" content=\"summary_large_image\" \/>\n<meta name=\"twitter:label1\" content=\"Dur\u00e9e de lecture estim\u00e9e\" \/>\n\t<meta name=\"twitter:data1\" content=\"3 minutes\" \/>\n<script type=\"application\/ld+json\" class=\"yoast-schema-graph\">{\"@context\":\"https:\/\/schema.org\",\"@graph\":[{\"@type\":\"WebPage\",\"@id\":\"https:\/\/grand-vide.com\/fr\/collaboration\/\",\"url\":\"https:\/\/grand-vide.com\/fr\/collaboration\/\",\"name\":\"collaboration | Grand Vide\",\"isPartOf\":{\"@id\":\"https:\/\/grand-vide.com\/fr\/#website\"},\"datePublished\":\"2018-07-15T07:19:29+00:00\",\"dateModified\":\"2020-06-11T09:13:21+00:00\",\"breadcrumb\":{\"@id\":\"https:\/\/grand-vide.com\/fr\/collaboration\/#breadcrumb\"},\"inLanguage\":\"fr-FR\",\"potentialAction\":[{\"@type\":\"ReadAction\",\"target\":[\"https:\/\/grand-vide.com\/fr\/collaboration\/\"]}]},{\"@type\":\"BreadcrumbList\",\"@id\":\"https:\/\/grand-vide.com\/fr\/collaboration\/#breadcrumb\",\"itemListElement\":[{\"@type\":\"ListItem\",\"position\":1,\"name\":\"Startseite\",\"item\":\"https:\/\/grand-vide.com\/fr\/\"},{\"@type\":\"ListItem\",\"position\":2,\"name\":\"collaboration\"}]},{\"@type\":\"WebSite\",\"@id\":\"https:\/\/grand-vide.com\/fr\/#website\",\"url\":\"https:\/\/grand-vide.com\/fr\/\",\"name\":\"Grand Vide\",\"description\":\"Photograph Dogma95\",\"publisher\":{\"@id\":\"https:\/\/grand-vide.com\/fr\/#organization\"},\"potentialAction\":[{\"@type\":\"SearchAction\",\"target\":{\"@type\":\"EntryPoint\",\"urlTemplate\":\"https:\/\/grand-vide.com\/fr\/?s={search_term_string}\"},\"query-input\":{\"@type\":\"PropertyValueSpecification\",\"valueRequired\":true,\"valueName\":\"search_term_string\"}}],\"inLanguage\":\"fr-FR\"},{\"@type\":\"Organization\",\"@id\":\"https:\/\/grand-vide.com\/fr\/#organization\",\"name\":\"grand-vide Andreas Gerhardt\",\"url\":\"https:\/\/grand-vide.com\/fr\/\",\"logo\":{\"@type\":\"ImageObject\",\"inLanguage\":\"fr-FR\",\"@id\":\"https:\/\/grand-vide.com\/fr\/#\/schema\/logo\/image\/\",\"url\":\"https:\/\/grand-vide.com\/wp-content\/uploads\/2019\/01\/Logo2.png\",\"contentUrl\":\"https:\/\/grand-vide.com\/wp-content\/uploads\/2019\/01\/Logo2.png\",\"width\":340,\"height\":156,\"caption\":\"grand-vide Andreas Gerhardt\"},\"image\":{\"@id\":\"https:\/\/grand-vide.com\/fr\/#\/schema\/logo\/image\/\"},\"sameAs\":[\"https:\/\/de-de.facebook.com\/andreas.gerhardt.photographer\",\"https:\/\/www.instagram.com\/photographer_andreas\/\",\"https:\/\/www.linkedin.com\/in\/andreas-gerhardt-8622ab\/\",\"https:\/\/www.pinterest.de\/andreas_g_fotograf\/\",\"https:\/\/www.youtube.com\/channel\/UCIZAUAb16DOthxXzKzDq0DA\"]}]}<\/script>\n<!-- \/ Yoast SEO plugin. -->","yoast_head_json":{"title":"collaboration | Grand Vide","robots":{"index":"index","follow":"follow","max-snippet":"max-snippet:-1","max-image-preview":"max-image-preview:large","max-video-preview":"max-video-preview:-1"},"canonical":"https:\/\/grand-vide.com\/fr\/collaboration\/","og_locale":"fr_FR","og_type":"article","og_title":"collaboration | Grand Vide","og_url":"https:\/\/grand-vide.com\/fr\/collaboration\/","og_site_name":"Grand Vide","article_publisher":"https:\/\/de-de.facebook.com\/andreas.gerhardt.photographer","article_modified_time":"2020-06-11T09:13:21+00:00","twitter_card":"summary_large_image","twitter_misc":{"Dur\u00e9e de lecture estim\u00e9e":"3 minutes"},"schema":{"@context":"https:\/\/schema.org","@graph":[{"@type":"WebPage","@id":"https:\/\/grand-vide.com\/fr\/collaboration\/","url":"https:\/\/grand-vide.com\/fr\/collaboration\/","name":"collaboration | Grand Vide","isPartOf":{"@id":"https:\/\/grand-vide.com\/fr\/#website"},"datePublished":"2018-07-15T07:19:29+00:00","dateModified":"2020-06-11T09:13:21+00:00","breadcrumb":{"@id":"https:\/\/grand-vide.com\/fr\/collaboration\/#breadcrumb"},"inLanguage":"fr-FR","potentialAction":[{"@type":"ReadAction","target":["https:\/\/grand-vide.com\/fr\/collaboration\/"]}]},{"@type":"BreadcrumbList","@id":"https:\/\/grand-vide.com\/fr\/collaboration\/#breadcrumb","itemListElement":[{"@type":"ListItem","position":1,"name":"Startseite","item":"https:\/\/grand-vide.com\/fr\/"},{"@type":"ListItem","position":2,"name":"collaboration"}]},{"@type":"WebSite","@id":"https:\/\/grand-vide.com\/fr\/#website","url":"https:\/\/grand-vide.com\/fr\/","name":"Grand Vide","description":"Photograph Dogma95","publisher":{"@id":"https:\/\/grand-vide.com\/fr\/#organization"},"potentialAction":[{"@type":"SearchAction","target":{"@type":"EntryPoint","urlTemplate":"https:\/\/grand-vide.com\/fr\/?s={search_term_string}"},"query-input":{"@type":"PropertyValueSpecification","valueRequired":true,"valueName":"search_term_string"}}],"inLanguage":"fr-FR"},{"@type":"Organization","@id":"https:\/\/grand-vide.com\/fr\/#organization","name":"grand-vide Andreas Gerhardt","url":"https:\/\/grand-vide.com\/fr\/","logo":{"@type":"ImageObject","inLanguage":"fr-FR","@id":"https:\/\/grand-vide.com\/fr\/#\/schema\/logo\/image\/","url":"https:\/\/grand-vide.com\/wp-content\/uploads\/2019\/01\/Logo2.png","contentUrl":"https:\/\/grand-vide.com\/wp-content\/uploads\/2019\/01\/Logo2.png","width":340,"height":156,"caption":"grand-vide Andreas Gerhardt"},"image":{"@id":"https:\/\/grand-vide.com\/fr\/#\/schema\/logo\/image\/"},"sameAs":["https:\/\/de-de.facebook.com\/andreas.gerhardt.photographer","https:\/\/www.instagram.com\/photographer_andreas\/","https:\/\/www.linkedin.com\/in\/andreas-gerhardt-8622ab\/","https:\/\/www.pinterest.de\/andreas_g_fotograf\/","https:\/\/www.youtube.com\/channel\/UCIZAUAb16DOthxXzKzDq0DA"]}]}},"_links":{"self":[{"href":"https:\/\/grand-vide.com\/fr\/wp-json\/wp\/v2\/pages\/1172","targetHints":{"allow":["GET"]}}],"collection":[{"href":"https:\/\/grand-vide.com\/fr\/wp-json\/wp\/v2\/pages"}],"about":[{"href":"https:\/\/grand-vide.com\/fr\/wp-json\/wp\/v2\/types\/page"}],"author":[{"embeddable":true,"href":"https:\/\/grand-vide.com\/fr\/wp-json\/wp\/v2\/users\/2"}],"replies":[{"embeddable":true,"href":"https:\/\/grand-vide.com\/fr\/wp-json\/wp\/v2\/comments?post=1172"}],"version-history":[{"count":3,"href":"https:\/\/grand-vide.com\/fr\/wp-json\/wp\/v2\/pages\/1172\/revisions"}],"predecessor-version":[{"id":1176,"href":"https:\/\/grand-vide.com\/fr\/wp-json\/wp\/v2\/pages\/1172\/revisions\/1176"}],"wp:attachment":[{"href":"https:\/\/grand-vide.com\/fr\/wp-json\/wp\/v2\/media?parent=1172"}],"curies":[{"name":"wp","href":"https:\/\/api.w.org\/{rel}","templated":true}]}}