{"id":1177,"date":"2018-07-15T07:04:26","date_gmt":"2018-07-15T07:04:26","guid":{"rendered":"https:\/\/grand-vide.com\/communique-dogma95\/"},"modified":"2020-06-11T09:45:55","modified_gmt":"2020-06-11T09:45:55","slug":"communique-dogma95","status":"publish","type":"page","link":"https:\/\/grand-vide.com\/fr\/communique-dogma95\/","title":{"rendered":"communiqu\u00e9"},"content":{"rendered":"<section class=\"av_textblock_section \"  itemscope=\"itemscope\" itemtype=\"https:\/\/schema.org\/CreativeWork\" ><div class='avia_textblock  '   itemprop=\"text\" ><h1><img loading=\"lazy\" decoding=\"async\" class=\"aligncenter wp-image-650 size-full\" src=\"https:\/\/grand-vide.com\/wp-content\/uploads\/2019\/09\/dogma95_normandie_trouville_deauville_GrandVide_Mode_LaPlage_Andreas_Gerhardt_Photographer_Tatjana_Patitz_Lindbergh_34D1734.jpg\" alt=\"la mer grand-vide Peter Lindbergh andreas Gerhardt schwarzweiss Fotografie Trouville deauville linda turek \" width=\"1500\" height=\"630\" srcset=\"https:\/\/grand-vide.com\/wp-content\/uploads\/2019\/09\/dogma95_normandie_trouville_deauville_GrandVide_Mode_LaPlage_Andreas_Gerhardt_Photographer_Tatjana_Patitz_Lindbergh_34D1734.jpg 1500w, https:\/\/grand-vide.com\/wp-content\/uploads\/2019\/09\/dogma95_normandie_trouville_deauville_GrandVide_Mode_LaPlage_Andreas_Gerhardt_Photographer_Tatjana_Patitz_Lindbergh_34D1734-714x300.jpg 714w, https:\/\/grand-vide.com\/wp-content\/uploads\/2019\/09\/dogma95_normandie_trouville_deauville_GrandVide_Mode_LaPlage_Andreas_Gerhardt_Photographer_Tatjana_Patitz_Lindbergh_34D1734-768x323.jpg 768w, https:\/\/grand-vide.com\/wp-content\/uploads\/2019\/09\/dogma95_normandie_trouville_deauville_GrandVide_Mode_LaPlage_Andreas_Gerhardt_Photographer_Tatjana_Patitz_Lindbergh_34D1734-1200x504.jpg 1200w, https:\/\/grand-vide.com\/wp-content\/uploads\/2019\/09\/dogma95_normandie_trouville_deauville_GrandVide_Mode_LaPlage_Andreas_Gerhardt_Photographer_Tatjana_Patitz_Lindbergh_34D1734-705x296.jpg 705w, https:\/\/grand-vide.com\/wp-content\/uploads\/2019\/09\/dogma95_normandie_trouville_deauville_GrandVide_Mode_LaPlage_Andreas_Gerhardt_Photographer_Tatjana_Patitz_Lindbergh_34D1734-450x189.jpg 450w\" sizes=\"auto, (max-width: 1500px) 100vw, 1500px\" \/><\/h1>\n<h1>Le Proj\u00e8t Grand-Vide<\/h1>\n<p><strong>Grand-Vide\u00a0<\/strong>est bas\u00e9 sur le Dogma95 que Lars von Trier et Thomas Vinterberg ont mis en place \u00e0 l&rsquo;\u00e9poque.<span class=\"Apple-converted-space\">\u00a0 <\/span>Les r\u00e8gles de base suivantes pour ce projet photographique sont bas\u00e9es et se plient aux principes directeurs qui y sont contenus.<\/p>\n<p><strong>La photographie<\/strong> des derni\u00e8res ann\u00e9es s&rsquo;est d\u00e9velopp\u00e9e de plus en plus \u00e0 la perfection qui d\u00e9finit l\u2019ext\u00e9rieure, perfection qui manque souvent du contenu d&rsquo;une histoire, une r\u00e9alit\u00e9 conditionn\u00e9e.<span class=\"Apple-converted-space\">\u00a0 <\/span>Cela affecte la photographie de mode en particulier, mais aussi d&rsquo;autres domaines.<span class=\"Apple-converted-space\">\u00a0 <\/span>L&rsquo;action est remplac\u00e9e par le vide qui r\u00e9sulte de la sym\u00e9trie parfaite souhait\u00e9e.<\/p>\n<p><strong>Les r\u00e8gles \u00e9num\u00e9r\u00e9es<\/strong> rendent hommage \u00e0 l&rsquo;authenticit\u00e9 dont la reproduction est importante.<\/p>\n<ol>\n<li>On photographi\u00e9 dans des lieux r\u00e9els. <span class=\"Apple-converted-space\">\u00a0<\/span><\/li>\n<li>La chronologie est au-dessus de tout. <span class=\"Apple-converted-space\">\u00a0<\/span><\/li>\n<li>Les accessoires, les v\u00eatements et les tenues sont authentiques et ne sont ni emprunt\u00e9s ni achet\u00e9s.<span class=\"Apple-converted-space\">\u00a0 <\/span>\u00c0 moins que des v\u00eatements individuels ou des collections ne fassent partie de l\u2019histoire, mais doivent toujours y \u00eatre subordonn\u00e9s.<\/li>\n<li>Si possible, aucune lumi\u00e8re artificielle n&rsquo;est utilis\u00e9e.<span class=\"Apple-converted-space\">\u00a0 <\/span>Cela s&rsquo;applique \u00e0 la fois aux prises de vue en plein jour et dans les pi\u00e8ces ferm\u00e9es. <span class=\"Apple-converted-space\">\u00a0<\/span><\/li>\n<li>Des aides telles que diffuseur, azurants, miroirs, etc. peuvent \u00eatre utilis\u00e9es pour une simple am\u00e9lioration technique, mais pas pour servir de source lumineuse. <span class=\"Apple-converted-space\">\u00a0<\/span><\/li>\n<li>Il ne peut \u00eatre photographi\u00e9 que de la main.<span class=\"Apple-converted-space\">\u00a0 <\/span>Un tr\u00e9pied n&rsquo;est pas autoris\u00e9.<\/li>\n<li>La photographie sur film analogique est non seulement autoris\u00e9e mais \u00e9galement souhait\u00e9e. La photographie num\u00e9rique est possible dans les m\u00eames conditions. <span class=\"Apple-converted-space\">\u00a0<\/span><\/li>\n<li>Le traitement ult\u00e9rieur en analogique se limite \u00e0 pousser le d\u00e9veloppement.<span class=\"Apple-converted-space\">\u00a0 <\/span>Les tirages sont faits avec la technologie de laboratoire conventionnelle.<span class=\"Apple-converted-space\">\u00a0 <\/span>Les n\u00e9gatifs \/ diapositives num\u00e9riques ne doivent pas \u00eatre trait\u00e9s dans les programmes DTP.<span class=\"Apple-converted-space\">\u00a0 <\/span>Cela ne s&rsquo;applique pas \u00e0 la retouche de d\u00e9fauts techniques tels que la poussi\u00e8re et les rayures.<\/li>\n<li>Dans le cas des donn\u00e9es num\u00e9riques, cela ne peut \u00eatre d\u00e9velopp\u00e9 que dans un programme de conversion RAW.<span class=\"Apple-converted-space\">\u00a0 <\/span>Poursuite de l&rsquo;\u00e9laboration dans un programme DTP &#8211; par ex.<span class=\"Apple-converted-space\">\u00a0 <\/span>Photoshop n&rsquo;est g\u00e9n\u00e9ralement pas accept\u00e9. <span class=\"Apple-converted-space\">\u00a0<\/span><\/li>\n<li>L&rsquo;\u00e9quipe de production se limite aux acteurs. <span class=\"Apple-converted-space\">\u00a0<\/span><\/li>\n<li>L&rsquo;histoire et l\u2019action sont au-dessus de tout. <span class=\"Apple-converted-space\">\u00a0<\/span><\/li>\n<li>Le travail de la cam\u00e9ra est subjectif, n&rsquo;est soumis \u00e0 aucune r\u00e8gle et ne vise pas \u00e0 suivre les tendances actuelles. <span class=\"Apple-converted-space\">\u00a0<\/span><\/li>\n<li>Au sens de Dogma95, les images et sc\u00e8nes qui d\u00e9peignent ou glorifient la violence et utilisent des armes pour une fin en soi, c&rsquo;est-\u00e0-dire ne faisant pas partie de l&rsquo;action, sont interdites.<\/li>\n<\/ol>\n<p><strong>Tous les participants<\/strong> renoncent \u00e0 l&rsquo;\u00e9panouissement personnel et se soumettent par principe \u00e0 l&rsquo;action ou au sujet.<span class=\"Apple-converted-space\">\u00a0 <\/span>Le but ultime est d&rsquo;atteindre la cr\u00e9dibilit\u00e9 des personnages et des lieux.<span class=\"Apple-converted-space\">\u00a0 <\/span>Cela devrait \u00eatre mis en \u0153uvre ind\u00e9pendamment de toute consid\u00e9ration esth\u00e9tique.<\/p>\n<\/div><\/section>\n","protected":false},"excerpt":{"rendered":"","protected":false},"author":2,"featured_media":0,"parent":0,"menu_order":12,"comment_status":"closed","ping_status":"closed","template":"","meta":{"footnotes":""},"class_list":["post-1177","page","type-page","status-publish","hentry"],"yoast_head":"<!-- This site is optimized with the Yoast SEO plugin v26.9 - https:\/\/yoast.com\/product\/yoast-seo-wordpress\/ -->\n<title>kommunique dogma95 analog fotografie grand vide<\/title>\n<meta name=\"robots\" content=\"index, follow, max-snippet:-1, max-image-preview:large, max-video-preview:-1\" \/>\n<link rel=\"canonical\" href=\"https:\/\/grand-vide.com\/fr\/communique-dogma95\/\" \/>\n<meta property=\"og:locale\" content=\"fr_FR\" \/>\n<meta property=\"og:type\" content=\"article\" \/>\n<meta property=\"og:title\" content=\"kommunique dogma95 analog fotografie grand vide\" \/>\n<meta property=\"og:url\" content=\"https:\/\/grand-vide.com\/fr\/communique-dogma95\/\" \/>\n<meta property=\"og:site_name\" content=\"Grand Vide\" \/>\n<meta property=\"article:publisher\" content=\"https:\/\/de-de.facebook.com\/andreas.gerhardt.photographer\" \/>\n<meta property=\"article:modified_time\" content=\"2020-06-11T09:45:55+00:00\" \/>\n<meta property=\"og:image\" content=\"https:\/\/grand-vide.com\/wp-content\/uploads\/2019\/09\/dogma95_normandie_trouville_deauville_GrandVide_Mode_LaPlage_Andreas_Gerhardt_Photographer_Tatjana_Patitz_Lindbergh_34D1734.jpg\" \/>\n<meta name=\"twitter:card\" content=\"summary_large_image\" \/>\n<meta name=\"twitter:label1\" content=\"Dur\u00e9e de lecture estim\u00e9e\" \/>\n\t<meta name=\"twitter:data1\" content=\"3 minutes\" \/>\n<script type=\"application\/ld+json\" class=\"yoast-schema-graph\">{\"@context\":\"https:\/\/schema.org\",\"@graph\":[{\"@type\":\"WebPage\",\"@id\":\"https:\/\/grand-vide.com\/fr\/communique-dogma95\/\",\"url\":\"https:\/\/grand-vide.com\/fr\/communique-dogma95\/\",\"name\":\"kommunique dogma95 analog fotografie grand vide\",\"isPartOf\":{\"@id\":\"https:\/\/grand-vide.com\/fr\/#website\"},\"primaryImageOfPage\":{\"@id\":\"https:\/\/grand-vide.com\/fr\/communique-dogma95\/#primaryimage\"},\"image\":{\"@id\":\"https:\/\/grand-vide.com\/fr\/communique-dogma95\/#primaryimage\"},\"thumbnailUrl\":\"https:\/\/grand-vide.com\/wp-content\/uploads\/2019\/09\/dogma95_normandie_trouville_deauville_GrandVide_Mode_LaPlage_Andreas_Gerhardt_Photographer_Tatjana_Patitz_Lindbergh_34D1734.jpg\",\"datePublished\":\"2018-07-15T07:04:26+00:00\",\"dateModified\":\"2020-06-11T09:45:55+00:00\",\"breadcrumb\":{\"@id\":\"https:\/\/grand-vide.com\/fr\/communique-dogma95\/#breadcrumb\"},\"inLanguage\":\"fr-FR\",\"potentialAction\":[{\"@type\":\"ReadAction\",\"target\":[\"https:\/\/grand-vide.com\/fr\/communique-dogma95\/\"]}]},{\"@type\":\"ImageObject\",\"inLanguage\":\"fr-FR\",\"@id\":\"https:\/\/grand-vide.com\/fr\/communique-dogma95\/#primaryimage\",\"url\":\"https:\/\/grand-vide.com\/wp-content\/uploads\/2019\/09\/dogma95_normandie_trouville_deauville_GrandVide_Mode_LaPlage_Andreas_Gerhardt_Photographer_Tatjana_Patitz_Lindbergh_34D1734.jpg\",\"contentUrl\":\"https:\/\/grand-vide.com\/wp-content\/uploads\/2019\/09\/dogma95_normandie_trouville_deauville_GrandVide_Mode_LaPlage_Andreas_Gerhardt_Photographer_Tatjana_Patitz_Lindbergh_34D1734.jpg\"},{\"@type\":\"BreadcrumbList\",\"@id\":\"https:\/\/grand-vide.com\/fr\/communique-dogma95\/#breadcrumb\",\"itemListElement\":[{\"@type\":\"ListItem\",\"position\":1,\"name\":\"Startseite\",\"item\":\"https:\/\/grand-vide.com\/fr\/\"},{\"@type\":\"ListItem\",\"position\":2,\"name\":\"communiqu\u00e9\"}]},{\"@type\":\"WebSite\",\"@id\":\"https:\/\/grand-vide.com\/fr\/#website\",\"url\":\"https:\/\/grand-vide.com\/fr\/\",\"name\":\"Grand Vide\",\"description\":\"Photograph Dogma95\",\"publisher\":{\"@id\":\"https:\/\/grand-vide.com\/fr\/#organization\"},\"potentialAction\":[{\"@type\":\"SearchAction\",\"target\":{\"@type\":\"EntryPoint\",\"urlTemplate\":\"https:\/\/grand-vide.com\/fr\/?s={search_term_string}\"},\"query-input\":{\"@type\":\"PropertyValueSpecification\",\"valueRequired\":true,\"valueName\":\"search_term_string\"}}],\"inLanguage\":\"fr-FR\"},{\"@type\":\"Organization\",\"@id\":\"https:\/\/grand-vide.com\/fr\/#organization\",\"name\":\"grand-vide Andreas Gerhardt\",\"url\":\"https:\/\/grand-vide.com\/fr\/\",\"logo\":{\"@type\":\"ImageObject\",\"inLanguage\":\"fr-FR\",\"@id\":\"https:\/\/grand-vide.com\/fr\/#\/schema\/logo\/image\/\",\"url\":\"https:\/\/grand-vide.com\/wp-content\/uploads\/2019\/01\/Logo2.png\",\"contentUrl\":\"https:\/\/grand-vide.com\/wp-content\/uploads\/2019\/01\/Logo2.png\",\"width\":340,\"height\":156,\"caption\":\"grand-vide Andreas Gerhardt\"},\"image\":{\"@id\":\"https:\/\/grand-vide.com\/fr\/#\/schema\/logo\/image\/\"},\"sameAs\":[\"https:\/\/de-de.facebook.com\/andreas.gerhardt.photographer\",\"https:\/\/www.instagram.com\/photographer_andreas\/\",\"https:\/\/www.linkedin.com\/in\/andreas-gerhardt-8622ab\/\",\"https:\/\/www.pinterest.de\/andreas_g_fotograf\/\",\"https:\/\/www.youtube.com\/channel\/UCIZAUAb16DOthxXzKzDq0DA\"]}]}<\/script>\n<!-- \/ Yoast SEO plugin. -->","yoast_head_json":{"title":"kommunique dogma95 analog fotografie grand vide","robots":{"index":"index","follow":"follow","max-snippet":"max-snippet:-1","max-image-preview":"max-image-preview:large","max-video-preview":"max-video-preview:-1"},"canonical":"https:\/\/grand-vide.com\/fr\/communique-dogma95\/","og_locale":"fr_FR","og_type":"article","og_title":"kommunique dogma95 analog fotografie grand vide","og_url":"https:\/\/grand-vide.com\/fr\/communique-dogma95\/","og_site_name":"Grand Vide","article_publisher":"https:\/\/de-de.facebook.com\/andreas.gerhardt.photographer","article_modified_time":"2020-06-11T09:45:55+00:00","og_image":[{"url":"https:\/\/grand-vide.com\/wp-content\/uploads\/2019\/09\/dogma95_normandie_trouville_deauville_GrandVide_Mode_LaPlage_Andreas_Gerhardt_Photographer_Tatjana_Patitz_Lindbergh_34D1734.jpg","type":"","width":"","height":""}],"twitter_card":"summary_large_image","twitter_misc":{"Dur\u00e9e de lecture estim\u00e9e":"3 minutes"},"schema":{"@context":"https:\/\/schema.org","@graph":[{"@type":"WebPage","@id":"https:\/\/grand-vide.com\/fr\/communique-dogma95\/","url":"https:\/\/grand-vide.com\/fr\/communique-dogma95\/","name":"kommunique dogma95 analog fotografie grand vide","isPartOf":{"@id":"https:\/\/grand-vide.com\/fr\/#website"},"primaryImageOfPage":{"@id":"https:\/\/grand-vide.com\/fr\/communique-dogma95\/#primaryimage"},"image":{"@id":"https:\/\/grand-vide.com\/fr\/communique-dogma95\/#primaryimage"},"thumbnailUrl":"https:\/\/grand-vide.com\/wp-content\/uploads\/2019\/09\/dogma95_normandie_trouville_deauville_GrandVide_Mode_LaPlage_Andreas_Gerhardt_Photographer_Tatjana_Patitz_Lindbergh_34D1734.jpg","datePublished":"2018-07-15T07:04:26+00:00","dateModified":"2020-06-11T09:45:55+00:00","breadcrumb":{"@id":"https:\/\/grand-vide.com\/fr\/communique-dogma95\/#breadcrumb"},"inLanguage":"fr-FR","potentialAction":[{"@type":"ReadAction","target":["https:\/\/grand-vide.com\/fr\/communique-dogma95\/"]}]},{"@type":"ImageObject","inLanguage":"fr-FR","@id":"https:\/\/grand-vide.com\/fr\/communique-dogma95\/#primaryimage","url":"https:\/\/grand-vide.com\/wp-content\/uploads\/2019\/09\/dogma95_normandie_trouville_deauville_GrandVide_Mode_LaPlage_Andreas_Gerhardt_Photographer_Tatjana_Patitz_Lindbergh_34D1734.jpg","contentUrl":"https:\/\/grand-vide.com\/wp-content\/uploads\/2019\/09\/dogma95_normandie_trouville_deauville_GrandVide_Mode_LaPlage_Andreas_Gerhardt_Photographer_Tatjana_Patitz_Lindbergh_34D1734.jpg"},{"@type":"BreadcrumbList","@id":"https:\/\/grand-vide.com\/fr\/communique-dogma95\/#breadcrumb","itemListElement":[{"@type":"ListItem","position":1,"name":"Startseite","item":"https:\/\/grand-vide.com\/fr\/"},{"@type":"ListItem","position":2,"name":"communiqu\u00e9"}]},{"@type":"WebSite","@id":"https:\/\/grand-vide.com\/fr\/#website","url":"https:\/\/grand-vide.com\/fr\/","name":"Grand Vide","description":"Photograph Dogma95","publisher":{"@id":"https:\/\/grand-vide.com\/fr\/#organization"},"potentialAction":[{"@type":"SearchAction","target":{"@type":"EntryPoint","urlTemplate":"https:\/\/grand-vide.com\/fr\/?s={search_term_string}"},"query-input":{"@type":"PropertyValueSpecification","valueRequired":true,"valueName":"search_term_string"}}],"inLanguage":"fr-FR"},{"@type":"Organization","@id":"https:\/\/grand-vide.com\/fr\/#organization","name":"grand-vide Andreas Gerhardt","url":"https:\/\/grand-vide.com\/fr\/","logo":{"@type":"ImageObject","inLanguage":"fr-FR","@id":"https:\/\/grand-vide.com\/fr\/#\/schema\/logo\/image\/","url":"https:\/\/grand-vide.com\/wp-content\/uploads\/2019\/01\/Logo2.png","contentUrl":"https:\/\/grand-vide.com\/wp-content\/uploads\/2019\/01\/Logo2.png","width":340,"height":156,"caption":"grand-vide Andreas Gerhardt"},"image":{"@id":"https:\/\/grand-vide.com\/fr\/#\/schema\/logo\/image\/"},"sameAs":["https:\/\/de-de.facebook.com\/andreas.gerhardt.photographer","https:\/\/www.instagram.com\/photographer_andreas\/","https:\/\/www.linkedin.com\/in\/andreas-gerhardt-8622ab\/","https:\/\/www.pinterest.de\/andreas_g_fotograf\/","https:\/\/www.youtube.com\/channel\/UCIZAUAb16DOthxXzKzDq0DA"]}]}},"_links":{"self":[{"href":"https:\/\/grand-vide.com\/fr\/wp-json\/wp\/v2\/pages\/1177","targetHints":{"allow":["GET"]}}],"collection":[{"href":"https:\/\/grand-vide.com\/fr\/wp-json\/wp\/v2\/pages"}],"about":[{"href":"https:\/\/grand-vide.com\/fr\/wp-json\/wp\/v2\/types\/page"}],"author":[{"embeddable":true,"href":"https:\/\/grand-vide.com\/fr\/wp-json\/wp\/v2\/users\/2"}],"replies":[{"embeddable":true,"href":"https:\/\/grand-vide.com\/fr\/wp-json\/wp\/v2\/comments?post=1177"}],"version-history":[{"count":1,"href":"https:\/\/grand-vide.com\/fr\/wp-json\/wp\/v2\/pages\/1177\/revisions"}],"predecessor-version":[{"id":1179,"href":"https:\/\/grand-vide.com\/fr\/wp-json\/wp\/v2\/pages\/1177\/revisions\/1179"}],"wp:attachment":[{"href":"https:\/\/grand-vide.com\/fr\/wp-json\/wp\/v2\/media?parent=1177"}],"curies":[{"name":"wp","href":"https:\/\/api.w.org\/{rel}","templated":true}]}}