{"id":1180,"date":"2019-08-28T13:31:55","date_gmt":"2019-08-28T13:31:55","guid":{"rendered":"https:\/\/grand-vide.com\/andreas-gerhardt\/"},"modified":"2020-06-12T06:22:36","modified_gmt":"2020-06-12T06:22:36","slug":"andreas-gerhardt","status":"publish","type":"page","link":"https:\/\/grand-vide.com\/fr\/andreas-gerhardt\/","title":{"rendered":"Andreas Gerhardt"},"content":{"rendered":"<section class=\"av_textblock_section \"  itemscope=\"itemscope\" itemtype=\"https:\/\/schema.org\/CreativeWork\" ><div class='avia_textblock  '   itemprop=\"text\" ><h1><img loading=\"lazy\" decoding=\"async\" class=\"aligncenter wp-image-600 size-featured\" src=\"https:\/\/grand-vide.com\/wp-content\/uploads\/2019\/08\/MG_4907-1-1500x430.jpg\" alt=\"\" width=\"1500\" height=\"430\" \/><\/h1>\n<h1><\/h1>\n<h1><\/h1>\n<h1><span style=\"color: #001000;\">LE PHOTOGRAPHE ANDREAS GEHRARDT<\/span><\/h1>\n<div><strong><span style=\"color: #001000;\">J&rsquo;ai \u00e9t\u00e9 tr\u00e8s\u00a0<\/span>t\u00f4t fascin\u00e9<\/strong> par la photofgraphie. Les niuts dans la chambre noire ont suivi la lecture des livres pionnieres de grands\u00a0ma\u00eetres comme Anselm Adams et Andreas Feininger. Le film Blow Up n&rsquo;\u00e9tait mon truc, trop exalt\u00e9. Puis sont venues les ann\u00e9es d&rsquo;apprentissage- une apprentissage de photograph avec le fin d&rsquo; une brevet d&rsquo;apprentissage puis le temps d&rsquo;assistent. Chez Burda, je connais le monde de la mode sous tous ses facettes. Bien\u00a0s\u00fbr nous \u00e9tions important et pourtant\u00a0 seulement une petite \u00e9toile\u00a0 dans l&rsquo;universe. Il suffisait que Aenne flottait dans les couloirs pour laisser apparaitre une touche de Karl Lagerfeld.\u00a0Mon chemin a pris une direction diff\u00e9rent. Je ne voulais pas travailler das la publicit\u00e9. Le temps a pass\u00e9 et la photographie analogique\u00a0 \u00e9tait remplac\u00e9 par la photographie numeriqu\u00e9. Mais pour moi la photographie analogique n&rsquo;est jamais mort.<\/div>\n<p><strong>Comme photographe<\/strong> je decouvre, j&rsquo;observe, je rende compte et je garde. Le mat\u00e9riau avec lequel je peins est la lumi\u00e8re dans toutes ses couleurs, tonalit\u00e9s et formes. Je me dirais un minimalist. J&rsquo;aime l&rsquo;art du Bauhaus et j&rsquo;aime beaucoup de cin\u00e9astes scandinaves. C&rsquo;est comme\u00a0\u00e7a que j&rsquo;arriv\u00e9 \u00e0 Dogma95. En particulier Lars von Trier, le plus le repr\u00e9sentant le plus connu, il m&rsquo;a inspir\u00e9 avec ses oeuvres et\u00a0m&rsquo;enthousiasme encore.\u00a0\u00a0J&rsquo;ai repris cette id\u00e9e des lignes directrices et les ai reformul\u00e9es pour la photographie.<\/p>\n<p><strong>C&rsquo;est ma grande passion<\/strong> de raconter des histoires en images. Pour moi la perfection est atteint dans la non-perfection. Avant de prendre mon appareil de photo,\u00a0<span class=\"t_text\">un processus \u00e0 partir duquel \u00e9mergent des id\u00e9es et des concepts.\u00a0<\/span>Pour moi, les gens dans leur personnalit\u00e9 sont au premier plan et font partie, sinon son l&rsquo;essence, de mes photos.<\/p>\n<\/div><\/section>\n","protected":false},"excerpt":{"rendered":"","protected":false},"author":2,"featured_media":0,"parent":0,"menu_order":6,"comment_status":"closed","ping_status":"closed","template":"","meta":{"footnotes":""},"class_list":["post-1180","page","type-page","status-publish","hentry"],"yoast_head":"<!-- This site is optimized with the Yoast SEO plugin v26.9 - https:\/\/yoast.com\/product\/yoast-seo-wordpress\/ -->\n<title>Andreas Gerhardt | Grand Vide<\/title>\n<meta name=\"robots\" content=\"index, follow, max-snippet:-1, max-image-preview:large, max-video-preview:-1\" \/>\n<link rel=\"canonical\" href=\"https:\/\/grand-vide.com\/fr\/andreas-gerhardt\/\" \/>\n<meta property=\"og:locale\" content=\"fr_FR\" \/>\n<meta property=\"og:type\" content=\"article\" \/>\n<meta property=\"og:title\" content=\"Andreas Gerhardt | Grand Vide\" \/>\n<meta property=\"og:url\" content=\"https:\/\/grand-vide.com\/fr\/andreas-gerhardt\/\" \/>\n<meta property=\"og:site_name\" content=\"Grand Vide\" \/>\n<meta property=\"article:publisher\" content=\"https:\/\/de-de.facebook.com\/andreas.gerhardt.photographer\" \/>\n<meta property=\"article:modified_time\" content=\"2020-06-12T06:22:36+00:00\" \/>\n<meta property=\"og:image\" content=\"https:\/\/grand-vide.com\/wp-content\/uploads\/2019\/08\/MG_4907-1-1500x430.jpg\" \/>\n<meta name=\"twitter:card\" content=\"summary_large_image\" \/>\n<meta name=\"twitter:label1\" content=\"Dur\u00e9e de lecture estim\u00e9e\" \/>\n\t<meta name=\"twitter:data1\" content=\"2 minutes\" \/>\n<script type=\"application\/ld+json\" class=\"yoast-schema-graph\">{\"@context\":\"https:\/\/schema.org\",\"@graph\":[{\"@type\":\"WebPage\",\"@id\":\"https:\/\/grand-vide.com\/fr\/andreas-gerhardt\/\",\"url\":\"https:\/\/grand-vide.com\/fr\/andreas-gerhardt\/\",\"name\":\"Andreas Gerhardt | Grand Vide\",\"isPartOf\":{\"@id\":\"https:\/\/grand-vide.com\/fr\/#website\"},\"primaryImageOfPage\":{\"@id\":\"https:\/\/grand-vide.com\/fr\/andreas-gerhardt\/#primaryimage\"},\"image\":{\"@id\":\"https:\/\/grand-vide.com\/fr\/andreas-gerhardt\/#primaryimage\"},\"thumbnailUrl\":\"https:\/\/grand-vide.com\/wp-content\/uploads\/2019\/08\/MG_4907-1-1500x430.jpg\",\"datePublished\":\"2019-08-28T13:31:55+00:00\",\"dateModified\":\"2020-06-12T06:22:36+00:00\",\"breadcrumb\":{\"@id\":\"https:\/\/grand-vide.com\/fr\/andreas-gerhardt\/#breadcrumb\"},\"inLanguage\":\"fr-FR\",\"potentialAction\":[{\"@type\":\"ReadAction\",\"target\":[\"https:\/\/grand-vide.com\/fr\/andreas-gerhardt\/\"]}]},{\"@type\":\"ImageObject\",\"inLanguage\":\"fr-FR\",\"@id\":\"https:\/\/grand-vide.com\/fr\/andreas-gerhardt\/#primaryimage\",\"url\":\"https:\/\/grand-vide.com\/wp-content\/uploads\/2019\/08\/MG_4907-1-1500x430.jpg\",\"contentUrl\":\"https:\/\/grand-vide.com\/wp-content\/uploads\/2019\/08\/MG_4907-1-1500x430.jpg\"},{\"@type\":\"BreadcrumbList\",\"@id\":\"https:\/\/grand-vide.com\/fr\/andreas-gerhardt\/#breadcrumb\",\"itemListElement\":[{\"@type\":\"ListItem\",\"position\":1,\"name\":\"Startseite\",\"item\":\"https:\/\/grand-vide.com\/fr\/\"},{\"@type\":\"ListItem\",\"position\":2,\"name\":\"Andreas Gerhardt\"}]},{\"@type\":\"WebSite\",\"@id\":\"https:\/\/grand-vide.com\/fr\/#website\",\"url\":\"https:\/\/grand-vide.com\/fr\/\",\"name\":\"Grand Vide\",\"description\":\"Photograph Dogma95\",\"publisher\":{\"@id\":\"https:\/\/grand-vide.com\/fr\/#organization\"},\"potentialAction\":[{\"@type\":\"SearchAction\",\"target\":{\"@type\":\"EntryPoint\",\"urlTemplate\":\"https:\/\/grand-vide.com\/fr\/?s={search_term_string}\"},\"query-input\":{\"@type\":\"PropertyValueSpecification\",\"valueRequired\":true,\"valueName\":\"search_term_string\"}}],\"inLanguage\":\"fr-FR\"},{\"@type\":\"Organization\",\"@id\":\"https:\/\/grand-vide.com\/fr\/#organization\",\"name\":\"grand-vide Andreas Gerhardt\",\"url\":\"https:\/\/grand-vide.com\/fr\/\",\"logo\":{\"@type\":\"ImageObject\",\"inLanguage\":\"fr-FR\",\"@id\":\"https:\/\/grand-vide.com\/fr\/#\/schema\/logo\/image\/\",\"url\":\"https:\/\/grand-vide.com\/wp-content\/uploads\/2019\/01\/Logo2.png\",\"contentUrl\":\"https:\/\/grand-vide.com\/wp-content\/uploads\/2019\/01\/Logo2.png\",\"width\":340,\"height\":156,\"caption\":\"grand-vide Andreas Gerhardt\"},\"image\":{\"@id\":\"https:\/\/grand-vide.com\/fr\/#\/schema\/logo\/image\/\"},\"sameAs\":[\"https:\/\/de-de.facebook.com\/andreas.gerhardt.photographer\",\"https:\/\/www.instagram.com\/photographer_andreas\/\",\"https:\/\/www.linkedin.com\/in\/andreas-gerhardt-8622ab\/\",\"https:\/\/www.pinterest.de\/andreas_g_fotograf\/\",\"https:\/\/www.youtube.com\/channel\/UCIZAUAb16DOthxXzKzDq0DA\"]}]}<\/script>\n<!-- \/ Yoast SEO plugin. -->","yoast_head_json":{"title":"Andreas Gerhardt | Grand Vide","robots":{"index":"index","follow":"follow","max-snippet":"max-snippet:-1","max-image-preview":"max-image-preview:large","max-video-preview":"max-video-preview:-1"},"canonical":"https:\/\/grand-vide.com\/fr\/andreas-gerhardt\/","og_locale":"fr_FR","og_type":"article","og_title":"Andreas Gerhardt | Grand Vide","og_url":"https:\/\/grand-vide.com\/fr\/andreas-gerhardt\/","og_site_name":"Grand Vide","article_publisher":"https:\/\/de-de.facebook.com\/andreas.gerhardt.photographer","article_modified_time":"2020-06-12T06:22:36+00:00","og_image":[{"url":"https:\/\/grand-vide.com\/wp-content\/uploads\/2019\/08\/MG_4907-1-1500x430.jpg","type":"","width":"","height":""}],"twitter_card":"summary_large_image","twitter_misc":{"Dur\u00e9e de lecture estim\u00e9e":"2 minutes"},"schema":{"@context":"https:\/\/schema.org","@graph":[{"@type":"WebPage","@id":"https:\/\/grand-vide.com\/fr\/andreas-gerhardt\/","url":"https:\/\/grand-vide.com\/fr\/andreas-gerhardt\/","name":"Andreas Gerhardt | Grand Vide","isPartOf":{"@id":"https:\/\/grand-vide.com\/fr\/#website"},"primaryImageOfPage":{"@id":"https:\/\/grand-vide.com\/fr\/andreas-gerhardt\/#primaryimage"},"image":{"@id":"https:\/\/grand-vide.com\/fr\/andreas-gerhardt\/#primaryimage"},"thumbnailUrl":"https:\/\/grand-vide.com\/wp-content\/uploads\/2019\/08\/MG_4907-1-1500x430.jpg","datePublished":"2019-08-28T13:31:55+00:00","dateModified":"2020-06-12T06:22:36+00:00","breadcrumb":{"@id":"https:\/\/grand-vide.com\/fr\/andreas-gerhardt\/#breadcrumb"},"inLanguage":"fr-FR","potentialAction":[{"@type":"ReadAction","target":["https:\/\/grand-vide.com\/fr\/andreas-gerhardt\/"]}]},{"@type":"ImageObject","inLanguage":"fr-FR","@id":"https:\/\/grand-vide.com\/fr\/andreas-gerhardt\/#primaryimage","url":"https:\/\/grand-vide.com\/wp-content\/uploads\/2019\/08\/MG_4907-1-1500x430.jpg","contentUrl":"https:\/\/grand-vide.com\/wp-content\/uploads\/2019\/08\/MG_4907-1-1500x430.jpg"},{"@type":"BreadcrumbList","@id":"https:\/\/grand-vide.com\/fr\/andreas-gerhardt\/#breadcrumb","itemListElement":[{"@type":"ListItem","position":1,"name":"Startseite","item":"https:\/\/grand-vide.com\/fr\/"},{"@type":"ListItem","position":2,"name":"Andreas Gerhardt"}]},{"@type":"WebSite","@id":"https:\/\/grand-vide.com\/fr\/#website","url":"https:\/\/grand-vide.com\/fr\/","name":"Grand Vide","description":"Photograph Dogma95","publisher":{"@id":"https:\/\/grand-vide.com\/fr\/#organization"},"potentialAction":[{"@type":"SearchAction","target":{"@type":"EntryPoint","urlTemplate":"https:\/\/grand-vide.com\/fr\/?s={search_term_string}"},"query-input":{"@type":"PropertyValueSpecification","valueRequired":true,"valueName":"search_term_string"}}],"inLanguage":"fr-FR"},{"@type":"Organization","@id":"https:\/\/grand-vide.com\/fr\/#organization","name":"grand-vide Andreas Gerhardt","url":"https:\/\/grand-vide.com\/fr\/","logo":{"@type":"ImageObject","inLanguage":"fr-FR","@id":"https:\/\/grand-vide.com\/fr\/#\/schema\/logo\/image\/","url":"https:\/\/grand-vide.com\/wp-content\/uploads\/2019\/01\/Logo2.png","contentUrl":"https:\/\/grand-vide.com\/wp-content\/uploads\/2019\/01\/Logo2.png","width":340,"height":156,"caption":"grand-vide Andreas Gerhardt"},"image":{"@id":"https:\/\/grand-vide.com\/fr\/#\/schema\/logo\/image\/"},"sameAs":["https:\/\/de-de.facebook.com\/andreas.gerhardt.photographer","https:\/\/www.instagram.com\/photographer_andreas\/","https:\/\/www.linkedin.com\/in\/andreas-gerhardt-8622ab\/","https:\/\/www.pinterest.de\/andreas_g_fotograf\/","https:\/\/www.youtube.com\/channel\/UCIZAUAb16DOthxXzKzDq0DA"]}]}},"_links":{"self":[{"href":"https:\/\/grand-vide.com\/fr\/wp-json\/wp\/v2\/pages\/1180","targetHints":{"allow":["GET"]}}],"collection":[{"href":"https:\/\/grand-vide.com\/fr\/wp-json\/wp\/v2\/pages"}],"about":[{"href":"https:\/\/grand-vide.com\/fr\/wp-json\/wp\/v2\/types\/page"}],"author":[{"embeddable":true,"href":"https:\/\/grand-vide.com\/fr\/wp-json\/wp\/v2\/users\/2"}],"replies":[{"embeddable":true,"href":"https:\/\/grand-vide.com\/fr\/wp-json\/wp\/v2\/comments?post=1180"}],"version-history":[{"count":1,"href":"https:\/\/grand-vide.com\/fr\/wp-json\/wp\/v2\/pages\/1180\/revisions"}],"predecessor-version":[{"id":1182,"href":"https:\/\/grand-vide.com\/fr\/wp-json\/wp\/v2\/pages\/1180\/revisions\/1182"}],"wp:attachment":[{"href":"https:\/\/grand-vide.com\/fr\/wp-json\/wp\/v2\/media?parent=1180"}],"curies":[{"name":"wp","href":"https:\/\/api.w.org\/{rel}","templated":true}]}}